{"id":8661,"date":"2019-08-28T05:50:44","date_gmt":"2019-08-28T05:50:44","guid":{"rendered":"http:\/\/keenitsolutions.com\/products\/wordpress\/cloaking\/?page_id=8661"},"modified":"2023-06-19T11:49:54","modified_gmt":"2023-06-19T15:49:54","slug":"home-6","status":"publish","type":"page","link":"https:\/\/waitable.net\/","title":{"rendered":"Home"},"content":{"rendered":"<section class=\"wpb-content-wrapper\"><p>[vc_row full_width=&#8221;stretch_row&#8221; css_animation=&#8221;none&#8221; el_class=&#8221;seo-service&#8221; css=&#8221;.vc_custom_1566970897549{padding-top: 55px !important;padding-bottom: 40px !important;background-position: center !important;background-repeat: no-repeat !important;background-size: cover !important;}&#8221; el_id=&#8221;seo-service&#8221;][vc_column el_class=&#8221;all-section-title&#8221;]\r\n        <div class=\"rs-heading    center\">\r\n        \t<div class=\"title-inner\">\r\n\t            \r\n\t            <h2>\u00bfQu\u00e9 es Waitable.Net?<\/h2>\r\n\t        <\/div><div class=\"description\"><p >Waitable.Net &#8211; es una soluci\u00f3n web-based para reservar\u00a0 mesas, &#8220;booths&#8221; y diversos tipos de espacios en Restaurantes de acuerdo a sus necesidades. Tendra acceso para que usted administre los horarios de apertura de los restaurantes, maneje los datos de los clientes y las solicitudes especiales, y agregue usuarios, administradores\/editores para manejar las reservas. Muestre todas o solo algunas de las mesas\/espacios disponibles en l\u00ednea para acomodar visitas sin cita previa y mejorar la gesti\u00f3n de la lista de espera.<\/p><\/div><\/div>[vc_row_inner][vc_column_inner width=&#8221;1\/3&#8243;]<div class=\"rs-services\"><div class=\"service-inner services-style-5 border_style services-center  vc_custom_1686866295322 \">\r\n\t\t\t\t\t<div class=\"services-wrap\"> \r\n\t\t\t\t        <div class=\"services-item\">\r\n\t\t\t\t            <div class=\"services-icon\">\r\n\t\t\t\t                <a ><img decoding=\"async\" src=\"https:\/\/waitable.net\/wp-content\/uploads\/2018\/09\/analysis.png\" alt=\"Rs-service\" \/><\/a>\r\n\t\t\t\t            <\/div>\r\n\t\t\t\t        \r\n\t\t\t\t\t\t\t<div class=\"services-desc\">\t\r\n\t\t\t\t\t\t\t\t<h2 class=\"services-title services-title2\"><a >Muy F\u00e1cil de Manejar<\/a><\/h2>\t\t\r\n\t\t\t\t\t\t\t\tAdministre la capacidad y disponibilidad de las mesas de reservas en l\u00ednea usted mismo mediante la interfaz de usuario. \r\n\t\t\t\t\t\t\t<\/div>\t\t\r\n\t\t\t\t\t\t<\/div>\t\r\n\t\t\t\t\t<\/div>\r\n\t\t\t\t<\/div>\r\n\t\t\t<\/div>[\/vc_column_inner][vc_column_inner width=&#8221;1\/3&#8243;]<div class=\"rs-services\"><div class=\"service-inner services-style-5 border_style services-center  vc_custom_1686866798618 \">\r\n\t\t\t\t\t<div class=\"services-wrap\"> \r\n\t\t\t\t        <div class=\"services-item\">\r\n\t\t\t\t            <div class=\"services-icon\">\r\n\t\t\t\t                <a ><img decoding=\"async\" src=\"https:\/\/waitable.net\/wp-content\/uploads\/2018\/09\/technical-support.png\" alt=\"Rs-service\" \/><\/a>\r\n\t\t\t\t            <\/div>\r\n\t\t\t\t        \r\n\t\t\t\t\t\t\t<div class=\"services-desc\">\t\r\n\t\t\t\t\t\t\t\t<h2 class=\"services-title services-title2\"><a >Site Mapping<\/a><\/h2>\t\t\r\n\t\t\t\t\t\t\t\tA\u00f1ada un mapa con el dise\u00f1o del area donde ubican las mesas para agilizar los procesos. \r\n\t\t\t\t\t\t\t<\/div>\t\t\r\n\t\t\t\t\t\t<\/div>\t\r\n\t\t\t\t\t<\/div>\r\n\t\t\t\t<\/div>\r\n\t\t\t<\/div>[\/vc_column_inner][vc_column_inner width=&#8221;1\/3&#8243;]<div class=\"rs-services\"><div class=\"service-inner services-style-5 border_style services-center  vc_custom_1686865891397 \">\r\n\t\t\t\t\t<div class=\"services-wrap\"> \r\n\t\t\t\t        <div class=\"services-item\">\r\n\t\t\t\t            <div class=\"services-icon\">\r\n\t\t\t\t                <a ><img decoding=\"async\" src=\"https:\/\/waitable.net\/wp-content\/uploads\/2018\/09\/planning.png\" alt=\"Rs-service\" \/><\/a>\r\n\t\t\t\t            <\/div>\r\n\t\t\t\t        \r\n\t\t\t\t\t\t\t<div class=\"services-desc\">\t\r\n\t\t\t\t\t\t\t\t<h2 class=\"services-title services-title2\"><a >Mejora la organizaci\u00f3n<\/a><\/h2>\t\t\r\n\t\t\t\t\t\t\t\tImprima las reservas y los detalles para organizar mejor su trabajo. \r\n\t\t\t\t\t\t\t<\/div>\t\t\r\n\t\t\t\t\t\t<\/div>\t\r\n\t\t\t\t\t<\/div>\r\n\t\t\t\t<\/div>\r\n\t\t\t<\/div>[\/vc_column_inner][\/vc_row_inner][vc_row_inner css=&#8221;.vc_custom_1566895110120{margin-top: 50px !important;margin-bottom: 50px !important;}&#8221;][vc_column_inner width=&#8221;1\/3&#8243;]<div class=\"rs-services\"><div class=\"service-inner services-style-5 border_style services-center  vc_custom_1686866780913 \">\r\n\t\t\t\t\t<div class=\"services-wrap\"> \r\n\t\t\t\t        <div class=\"services-item\">\r\n\t\t\t\t            <div class=\"services-icon\">\r\n\t\t\t\t                <a ><img decoding=\"async\" src=\"https:\/\/waitable.net\/wp-content\/uploads\/2018\/09\/management.png\" alt=\"Rs-service\" \/><\/a>\r\n\t\t\t\t            <\/div>\r\n\t\t\t\t        \r\n\t\t\t\t\t\t\t<div class=\"services-desc\">\t\r\n\t\t\t\t\t\t\t\t<h2 class=\"services-title services-title2\"><a >Su Restaurante, Su Reglas<\/a><\/h2>\t\t\r\n\t\t\t\t\t\t\t\tEstablezca la duraci\u00f3n m\u00e1xima de tiempo para las reservas, Puede o no cobrar a los usuarios un dep\u00f3sito de reserva. \r\n\t\t\t\t\t\t\t<\/div>\t\t\r\n\t\t\t\t\t\t<\/div>\t\r\n\t\t\t\t\t<\/div>\r\n\t\t\t\t<\/div>\r\n\t\t\t<\/div>[\/vc_column_inner][vc_column_inner width=&#8221;1\/3&#8243;]<div class=\"rs-services\"><div class=\"service-inner services-style-5 border_style services-center  vc_custom_1686867466522 \">\r\n\t\t\t\t\t<div class=\"services-wrap\"> \r\n\t\t\t\t        <div class=\"services-item\">\r\n\t\t\t\t            <div class=\"services-icon\">\r\n\t\t\t\t                <a ><img decoding=\"async\" src=\"https:\/\/waitable.net\/wp-content\/uploads\/2018\/09\/pay-per-click-1.png\" alt=\"Rs-service\" \/><\/a>\r\n\t\t\t\t            <\/div>\r\n\t\t\t\t        \r\n\t\t\t\t\t\t\t<div class=\"services-desc\">\t\r\n\t\t\t\t\t\t\t\t<h2 class=\"services-title services-title2\"><a >Compatible<\/a><\/h2>\t\t\r\n\t\t\t\t\t\t\t\tWaitable.Net es compatible con los browsers, sistemas operativos y dispositivos m\u00e1s populares (Apple iPhone, Safari, Android, Google Chrome, Microsoft Edge, Firefox, entre otros). \r\n\t\t\t\t\t\t\t<\/div>\t\t\r\n\t\t\t\t\t\t<\/div>\t\r\n\t\t\t\t\t<\/div>\r\n\t\t\t\t<\/div>\r\n\t\t\t<\/div>[\/vc_column_inner][vc_column_inner width=&#8221;1\/3&#8243;]<div class=\"rs-services\"><div class=\"service-inner services-style-5 border_style services-center  vc_custom_1686867699863 \">\r\n\t\t\t\t\t<div class=\"services-wrap\"> \r\n\t\t\t\t        <div class=\"services-item\">\r\n\t\t\t\t            <div class=\"services-icon\">\r\n\t\t\t\t                <a ><img decoding=\"async\" src=\"https:\/\/waitable.net\/wp-content\/uploads\/2018\/09\/research.png\" alt=\"Rs-service\" \/><\/a>\r\n\t\t\t\t            <\/div>\r\n\t\t\t\t        \r\n\t\t\t\t\t\t\t<div class=\"services-desc\">\t\r\n\t\t\t\t\t\t\t\t<h2 class=\"services-title services-title2\"><a >Email Marketing<\/a><\/h2>\t\t\r\n\t\t\t\t\t\t\t\tNotifique y mantenga a los clientes actualizados mediante el env\u00edo de alertas por correo electr\u00f3nico y mensajes de texto por costo adicional. Enriquece tu base de datos de clientes agregando los detalles del cliente que recibes con cada reserva. \r\n\t\t\t\t\t\t\t<\/div>\t\t\r\n\t\t\t\t\t\t<\/div>\t\r\n\t\t\t\t\t<\/div>\r\n\t\t\t\t<\/div>\r\n\t\t\t<\/div>[\/vc_column_inner][\/vc_row_inner][\/vc_column][\/vc_row][vc_row full_width=&#8221;stretch_row&#8221; content_placement=&#8221;middle&#8221; css_animation=&#8221;none&#8221; el_class=&#8221;whychoose&#8221; css=&#8221;.vc_custom_1566971068079{padding-top: 60px !important;padding-bottom: 60px !important;}&#8221; el_id=&#8221;why-choose-us&#8221;][vc_column el_class=&#8221;all-section-title&#8221;][vc_row_inner][vc_column_inner width=&#8221;1\/2&#8243; offset=&#8221;vc_col-sm-offset-0&#8243;]\n\t\t\t<!-- START Slider 2 REVOLUTION SLIDER 6.6.10 --><p class=\"rs-p-wp-fix\"><\/p>\n\t\t\t<rs-module-wrap id=\"rev_slider_3_1_wrapper\" data-source=\"gallery\" style=\"visibility:hidden;background:transparent;padding:0;margin:0px auto;margin-top:0;margin-bottom:0;\">\n\t\t\t\t<rs-module id=\"rev_slider_3_1\" style=\"\" data-version=\"6.6.10\">\n\t\t\t\t\t<rs-slides style=\"overflow: hidden; position: absolute;\">\n\t\t\t\t\t\t<rs-slide style=\"position: absolute;\" data-key=\"rs-5\" data-title=\"Slide\" data-anim=\"ms:1000;r:0;\" data-in=\"o:0;\" data-out=\"a:false;\">\n\t\t\t\t\t\t\t<img decoding=\"async\" src=\"\/\/waitable.net\/wp-content\/plugins\/revslider\/public\/assets\/assets\/dummy.png\" alt=\"Slide\" title=\"Home\" class=\"rev-slidebg tp-rs-img rs-lazyload\" data-lazyload=\"\/\/waitable.net\/wp-content\/plugins\/revslider\/public\/assets\/assets\/transparent.png\" data-bg=\"f:contain;\" data-no-retina>\n<!--\n\t\t\t\t\t\t\t--><rs-layer\n\t\t\t\t\t\t\t\tid=\"slider-3-slide-5-layer-2\" \n\t\t\t\t\t\t\t\tdata-type=\"image\"\n\t\t\t\t\t\t\t\tdata-rsp_ch=\"on\"\n\t\t\t\t\t\t\t\tdata-xy=\"x:280px;y:426px;\"\n\t\t\t\t\t\t\t\tdata-text=\"w:normal;\"\n\t\t\t\t\t\t\t\tdata-dim=\"w:376px;h:363px;\"\n\t\t\t\t\t\t\t\tdata-frame_999=\"o:0;st:w;\"\n\t\t\t\t\t\t\t\tstyle=\"z-index:9;\"\n\t\t\t\t\t\t\t><img decoding=\"async\" src=\"\/\/waitable.net\/wp-content\/plugins\/revslider\/public\/assets\/assets\/dummy.png\" alt=\"\" class=\"tp-rs-img rs-lazyload\" width=\"376\" height=\"363\" data-lazyload=\"\/\/waitable.net\/wp-content\/uploads\/2019\/08\/report.png\" data-no-retina> \n\t\t\t\t\t\t\t<\/rs-layer><!--\n\n\t\t\t\t\t\t\t--><rs-layer\n\t\t\t\t\t\t\t\tid=\"slider-3-slide-5-layer-3\" \n\t\t\t\t\t\t\t\tdata-type=\"image\"\n\t\t\t\t\t\t\t\tdata-rsp_ch=\"on\"\n\t\t\t\t\t\t\t\tdata-xy=\"x:219px;y:708px;\"\n\t\t\t\t\t\t\t\tdata-text=\"w:normal;\"\n\t\t\t\t\t\t\t\tdata-dim=\"w:128px;h:80px;\"\n\t\t\t\t\t\t\t\tdata-frame_999=\"o:0;st:w;\"\n\t\t\t\t\t\t\t\tdata-loop_0=\"rY:-40;\"\n\t\t\t\t\t\t\t\tdata-loop_999=\"rY:40;sp:3000;e:sine.inOut;yyr:t;\"\n\t\t\t\t\t\t\t\tstyle=\"z-index:10;\"\n\t\t\t\t\t\t\t><img decoding=\"async\" src=\"\/\/waitable.net\/wp-content\/plugins\/revslider\/public\/assets\/assets\/dummy.png\" alt=\"\" class=\"tp-rs-img rs-lazyload\" width=\"128\" height=\"80\" data-lazyload=\"\/\/waitable.net\/wp-content\/uploads\/revslider\/slider-2\/21.png\" data-no-retina> \n\t\t\t\t\t\t\t<\/rs-layer><!--\n\n\t\t\t\t\t\t\t--><rs-layer\n\t\t\t\t\t\t\t\tid=\"slider-3-slide-5-layer-4\" \n\t\t\t\t\t\t\t\tdata-type=\"image\"\n\t\t\t\t\t\t\t\tdata-rsp_ch=\"on\"\n\t\t\t\t\t\t\t\tdata-xy=\"x:591px;y:501px;\"\n\t\t\t\t\t\t\t\tdata-text=\"w:normal;\"\n\t\t\t\t\t\t\t\tdata-dim=\"w:163px;h:161px;\"\n\t\t\t\t\t\t\t\tdata-frame_999=\"o:0;st:w;\"\n\t\t\t\t\t\t\t\tdata-tloop=\"u:true;\"\n\t\t\t\t\t\t\t\tdata-loop_999=\"sX:0.8;sY:0.8;sp:2000;e:power0.inOut;yys:t;yyf:t;\"\n\t\t\t\t\t\t\t\tstyle=\"z-index:11;\"\n\t\t\t\t\t\t\t><img decoding=\"async\" src=\"\/\/waitable.net\/wp-content\/plugins\/revslider\/public\/assets\/assets\/dummy.png\" alt=\"\" class=\"tp-rs-img rs-lazyload\" width=\"163\" height=\"161\" data-lazyload=\"\/\/waitable.net\/wp-content\/uploads\/revslider\/slider-2\/11.png\" data-no-retina> \n\t\t\t\t\t\t\t<\/rs-layer><!--\n\n\t\t\t\t\t\t\t--><rs-layer\n\t\t\t\t\t\t\t\tid=\"slider-3-slide-5-layer-5\" \n\t\t\t\t\t\t\t\tdata-type=\"image\"\n\t\t\t\t\t\t\t\tdata-rsp_ch=\"on\"\n\t\t\t\t\t\t\t\tdata-xy=\"x:66px;y:-33px;\"\n\t\t\t\t\t\t\t\tdata-text=\"w:normal;\"\n\t\t\t\t\t\t\t\tdata-dim=\"w:793px;h:645px;\"\n\t\t\t\t\t\t\t\tdata-frame_999=\"o:0;st:w;\"\n\t\t\t\t\t\t\t\tstyle=\"z-index:8;\"\n\t\t\t\t\t\t\t><img decoding=\"async\" src=\"\/\/waitable.net\/wp-content\/plugins\/revslider\/public\/assets\/assets\/dummy.png\" alt=\"\" class=\"tp-rs-img rs-lazyload\" width=\"700\" height=\"569\" data-lazyload=\"\/\/waitable.net\/wp-content\/uploads\/2019\/08\/team-1.png\" data-no-retina> \n\t\t\t\t\t\t\t<\/rs-layer><!--\n-->\t\t\t\t\t\t<\/rs-slide>\n\t\t\t\t\t<\/rs-slides>\n\t\t\t\t<\/rs-module>\n\t\t\t\t<script>\n\t\t\t\t\tsetREVStartSize({c: 'rev_slider_3_1',rl:[1240,1024,778,480],el:[800],gw:[900],gh:[800],type:'standard',justify:'',layout:'fullwidth',mh:\"0\"});if (window.RS_MODULES!==undefined && window.RS_MODULES.modules!==undefined && window.RS_MODULES.modules[\"revslider31\"]!==undefined) {window.RS_MODULES.modules[\"revslider31\"].once = false;window.revapi3 = undefined;if (window.RS_MODULES.checkMinimal!==undefined) window.RS_MODULES.checkMinimal()}\n\t\t\t\t<\/script>\n\t\t\t<\/rs-module-wrap>\n\t\t\t<!-- END REVOLUTION SLIDER -->\n[\/vc_column_inner][vc_column_inner width=&#8221;1\/2&#8243; css=&#8221;.vc_custom_1531897888548{padding-left: 35px !important;}&#8221; offset=&#8221;vc_hidden-sm vc_hidden-xs&#8221;]\r\n        <div class=\"rs-heading   vc_custom_1686945474626 quote-style \">\r\n        \t<div class=\"title-inner\">\r\n\t            \r\n\t            <h2>\u00bfPor qu\u00e9 escoger Waitable.Net?<\/h2>\r\n\t        <\/div><\/div><div class=\"rs-services\"><div class=\"service-inner services-style-5 border_style services-left  \">\r\n\t\t\t\t\t<div class=\"services-wrap\"> \r\n\t\t\t\t        <div class=\"services-item\">\r\n\t\t\t\t            <div class=\"services-icon\">\r\n\t\t\t\t                <a ><img decoding=\"async\" src=\"https:\/\/waitable.net\/wp-content\/uploads\/2018\/09\/5-1.png\" alt=\"Rs-service\" \/><\/a>\r\n\t\t\t\t            <\/div>\r\n\t\t\t\t        \r\n\t\t\t\t\t\t\t<div class=\"services-desc\">\t\r\n\t\t\t\t\t\t\t\t<h2 class=\"services-title services-title2\"><a >Sin \ud83d\udeab Comisiones<\/a><\/h2>\t\t\r\n\t\t\t\t\t\t\t\tNo cobramos comisiones \ud83d\udeab Ni cargos sorpresas. Adem\u00e1s, nuestros servicios son Sin \ud83d\udeab Contratos. \r\n\t\t\t\t\t\t\t<\/div>\t\t\r\n\t\t\t\t\t\t<\/div>\t\r\n\t\t\t\t\t<\/div>\r\n\t\t\t\t<\/div>\r\n\t\t\t<\/div><div class=\"rs-services\"><div class=\"service-inner services-style-5 border_style services-left  \">\r\n\t\t\t\t\t<div class=\"services-wrap\"> \r\n\t\t\t\t        <div class=\"services-item\">\r\n\t\t\t\t            <div class=\"services-icon\">\r\n\t\t\t\t                <a href=\"#\" title=\"\"><img decoding=\"async\" src=\"https:\/\/waitable.net\/wp-content\/uploads\/2019\/08\/team-1.png\" alt=\"Rs-service\" \/><\/a>\r\n\t\t\t\t            <\/div>\r\n\t\t\t\t        \r\n\t\t\t\t\t\t\t<div class=\"services-desc\">\t\r\n\t\t\t\t\t\t\t\t<h2 class=\"services-title services-title2\"><a href=\"#\" title=\"\">Mejor Servicio al Cliente \ud83e\udd1d<\/a><\/h2>\t\t\r\n\t\t\t\t\t\t\t\tElevamos la experiencia de servicio al cliente minimizando casi en su totalidad el uso de bots. \ud83d\ude4b\u200d\u2642\ufe0f \r\n\t\t\t\t\t\t\t<\/div>\t\t\r\n\t\t\t\t\t\t<\/div>\t\r\n\t\t\t\t\t<\/div>\r\n\t\t\t\t<\/div>\r\n\t\t\t<\/div><div class=\"rs-services\"><div class=\"service-inner services-style-5 border_style services-left  \">\r\n\t\t\t\t\t<div class=\"services-wrap\"> \r\n\t\t\t\t        <div class=\"services-item\">\r\n\t\t\t\t            <div class=\"services-icon\">\r\n\t\t\t\t                <a href=\"#\" title=\"\"><img decoding=\"async\" src=\"https:\/\/waitable.net\/wp-content\/uploads\/2018\/09\/network.png\" alt=\"Rs-service\" \/><\/a>\r\n\t\t\t\t            <\/div>\r\n\t\t\t\t        \r\n\t\t\t\t\t\t\t<div class=\"services-desc\">\t\r\n\t\t\t\t\t\t\t\t<h2 class=\"services-title services-title2\"><a href=\"#\" title=\"\">Social Media y m\u00e1s...<\/a><\/h2>\t\t\r\n\t\t\t\t\t\t\t\tPuedes compartir el enlace para realizar reservaciones en tus redes sociales, p\u00e1gina web, mediante mensajes de texto y m\u00e1s&#8230; \r\n\t\t\t\t\t\t\t<\/div>\t\t\r\n\t\t\t\t\t\t<\/div>\t\r\n\t\t\t\t\t<\/div>\r\n\t\t\t\t<\/div>\r\n\t\t\t<\/div>[\/vc_column_inner][\/vc_row_inner][\/vc_column][\/vc_row][vc_row full_width=&#8221;stretch_row&#8221; el_id=&#8221;home-banner&#8221; css=&#8221;.vc_custom_1686949196386{padding-top: 105px !important;padding-bottom: 140px !important;background-image: url(https:\/\/waitable.net\/wp-content\/uploads\/2019\/08\/testimonial.jpg?id=8630) !important;background-position: center !important;background-repeat: no-repeat !important;background-size: cover !important;}&#8221; el_class=&#8221;freeanalysis-sec&#8221;][vc_column]\r\n        <div class=\"rs-heading    center\">\r\n        \t<div class=\"title-inner\">\r\n\t            \r\n\t            <h2 style=\"color: #ffffff\">\u00bfYa hiciste tu prueba Gratis?<\/h2>\r\n\t        <\/div><div class=\"description\"><p  style=\"color: #ffffff\">Puedes hacer una prueba de Waitable.Net completamente Gratis por 30 d\u00edas.<\/p><\/div><\/div>[\/vc_column][\/vc_row][vc_row full_width=&#8221;stretch_row&#8221; el_id=&#8221;price-table&#8221; css=&#8221;.vc_custom_1536215273463{padding-top: 60px !important;padding-bottom: 100px !important;}&#8221; el_class=&#8221;banner-price&#8221;][vc_column]\r\n        <div class=\"rs-heading    center\">\r\n        \t<div class=\"title-inner\">\r\n\t            \r\n\t            <h2>Select-a-Package<\/h2>\r\n\t        <\/div><div class=\"description\"><p >Seleccione el plan que mejor se ajuste a sus necesidades.<br \/>\nSin \ud83d\udeab Contratos \ud83d\udeab Ni cargos sorpresas \ud83d\udc4d<\/p><\/div><\/div>[\/vc_column][vc_column width=&#8221;1\/3&#8243; el_class=&#8221;first-table&#8221;]<section class=\"cl-pricing-wrap\">\n\t\t  <div class=\"clpricing-table\">\n\t\t\t<div class=\"price-table style1\">\n\t\t\t  <div class=\"cl-pricetable-wrap \">\n\t\t\t\t<div class=\"top\">\n\t\t\t\t \n\t\t\t\t  <div class=\"cl-header\">\n\t\t\t\t\t<h4 style=\"color:#212121\">Basic Plan<\/h4>           \n\t\t\t\t  <\/div>\n\t\t\t\t  <div class=\"cl-subheader\">\n\t\t\t\t\t<h3 style=\"color:#212121\"> <span class=\"dolar\"  style=\"color:#212121\">$<\/span>0\t\t\t\t\t  \n\t\t\t\t\t<\/h3>\n\t\t\t\t    <h5 style=\"color:#212121\"> \/per Month<\/h5>\n\t\t\t\t\t <h6 style=\"color:#212121\"><\/h6>\n\t\t\t\t  <\/div>\n\t\t\t\t<\/div>\n\t\t\t\t<div class=\"bottom\"  style=\"color:#212121\"><p>\n\t\t\t\t  [vc_column_text]<\/p>\n<p style=\"text-align: center;\">30 Keyword<\/p>\n<p style=\"text-align: center;\">260 \u2013 Man Hour<\/p>\n<p style=\"text-align: center;\">News Letter Not Available<\/p>\n<p style=\"text-align: center;\">10% Free Optimization<\/p>\n<p style=\"text-align: center;\">Organic traffic 225%<\/p>\n<p style=\"text-align: center;\">24\/7 Support<\/p>\n<p>[\/vc_column_text] \n\t\t\t\t  <a  class=\"btn-table btn-1\" style=\"background:#2280fc; color:#ffffff\">Get Started<\/a> <\/div>\n\t\t\t  <\/div>\n\t\t\t<\/div>\n\t\t  <\/div>\n\t\t<\/section>[\/vc_column][vc_column width=&#8221;1\/3&#8243; el_class=&#8221;middle-table&#8221; el_id=&#8221;featured-mid&#8221;]<section class=\"cl-pricing-wrap\">\n\t\t  <div class=\"clpricing-table\">\n\t\t\t<div class=\"price-table style1\">\n\t\t\t  <div class=\"cl-pricetable-wrap featured\">\n\t\t\t\t<div class=\"top\">\n\t\t\t\t \n\t\t\t\t  <div class=\"cl-header\">\n\t\t\t\t\t<h4 style=\"color:#ffffff\">Popular Plan<\/h4>           \n\t\t\t\t  <\/div>\n\t\t\t\t  <div class=\"cl-subheader\">\n\t\t\t\t\t<h3 style=\"color:#ffffff\"> <span class=\"dolar\"  style=\"color:#ffffff\">$<\/span>0\t\t\t\t\t  \n\t\t\t\t\t<\/h3>\n\t\t\t\t    <h5 style=\"color:#ffffff\"> \/per Month<\/h5>\n\t\t\t\t\t <h6 style=\"color:#ffffff\"><\/h6>\n\t\t\t\t  <\/div>\n\t\t\t\t<\/div>\n\t\t\t\t<div class=\"bottom\"  style=\"color:#ffffff\"><p>\n\t\t\t\t  [vc_column_text]<\/p>\n<p style=\"text-align: center;\">70 Keyword<\/p>\n<p style=\"text-align: center;\">290 \u2013 Man Hour<\/p>\n<p style=\"text-align: center;\">News Letter Available<\/p>\n<p style=\"text-align: center;\">20% Free Optimization<\/p>\n<p style=\"text-align: center;\">Organic traffic 25%<\/p>\n<p style=\"text-align: center;\">24\/7 Support<\/p>\n<p>[\/vc_column_text] \n\t\t\t\t  <a  class=\"btn-table btn-1\" style=\"background:#ffffff; color:#2280fc\">Get Started<\/a> <\/div>\n\t\t\t  <\/div>\n\t\t\t<\/div>\n\t\t  <\/div>\n\t\t<\/section>[\/vc_column][vc_column width=&#8221;1\/3&#8243; el_class=&#8221;first-table&#8221;]<section class=\"cl-pricing-wrap\">\n\t\t  <div class=\"clpricing-table\">\n\t\t\t<div class=\"price-table style1\">\n\t\t\t  <div class=\"cl-pricetable-wrap \">\n\t\t\t\t<div class=\"top\">\n\t\t\t\t \n\t\t\t\t  <div class=\"cl-header\">\n\t\t\t\t\t<h4 style=\"color:#212121\">Premium Plan<\/h4>           \n\t\t\t\t  <\/div>\n\t\t\t\t  <div class=\"cl-subheader\">\n\t\t\t\t\t<h3 style=\"color:#212121\"> <span class=\"dolar\"  style=\"color:#212121\">$<\/span>0\t\t\t\t\t  \n\t\t\t\t\t<\/h3>\n\t\t\t\t    <h5 style=\"color:#212121\"> \/per Month<\/h5>\n\t\t\t\t\t <h6 style=\"color:#212121\"><\/h6>\n\t\t\t\t  <\/div>\n\t\t\t\t<\/div>\n\t\t\t\t<div class=\"bottom\"  style=\"color:#212121\"><p>\n\t\t\t\t  [vc_column_text]<\/p>\n<p style=\"text-align: center;\">170 Keyword<\/p>\n<p style=\"text-align: center;\">500 \u2013 Man Hour<\/p>\n<p style=\"text-align: center;\">News Letter Available<\/p>\n<p style=\"text-align: center;\">100% Free Optimization<\/p>\n<p style=\"text-align: center;\">Organic traffic 75%<\/p>\n<p style=\"text-align: center;\">24\/7 Support<\/p>\n<p>[\/vc_column_text] \n\t\t\t\t  <a  class=\"btn-table btn-1\" style=\"background:#2280fc; color:#ffffff\">Get Started<\/a> <\/div>\n\t\t\t  <\/div>\n\t\t\t<\/div>\n\t\t  <\/div>\n\t\t<\/section>[\/vc_column][\/vc_row]<\/p>\n<\/section>","protected":false},"excerpt":{"rendered":"<p>[vc_row full_width=&#8221;stretch_row&#8221; css_animation=&#8221;none&#8221; el_class=&#8221;seo-service&#8221; css=&#8221;.vc_custom_1566970897549{padding-top: 55px !important;padding-bottom: 40px !important;background-position: center !important;background-repeat: no-repeat !important;background-size: cover !important;}&#8221; el_id=&#8221;seo-service&#8221;][vc_column el_class=&#8221;all-section-title&#8221;][vc_row_inner][vc_column_inner width=&#8221;1\/3&#8243;][\/vc_column_inner][vc_column_inner width=&#8221;1\/3&#8243;][\/vc_column_inner][vc_column_inner width=&#8221;1\/3&#8243;][\/vc_column_inner][\/vc_row_inner][vc_row_inner css=&#8221;.vc_custom_1566895110120{margin-top: 50px&#8230;<\/p>\n","protected":false},"author":1,"featured_media":0,"parent":0,"menu_order":0,"comment_status":"closed","ping_status":"closed","template":"","meta":{"footnotes":""},"class_list":["post-8661","page","type-page","status-publish","hentry"],"_links":{"self":[{"href":"https:\/\/waitable.net\/index.php\/wp-json\/wp\/v2\/pages\/8661","targetHints":{"allow":["GET"]}}],"collection":[{"href":"https:\/\/waitable.net\/index.php\/wp-json\/wp\/v2\/pages"}],"about":[{"href":"https:\/\/waitable.net\/index.php\/wp-json\/wp\/v2\/types\/page"}],"author":[{"embeddable":true,"href":"https:\/\/waitable.net\/index.php\/wp-json\/wp\/v2\/users\/1"}],"replies":[{"embeddable":true,"href":"https:\/\/waitable.net\/index.php\/wp-json\/wp\/v2\/comments?post=8661"}],"version-history":[{"count":27,"href":"https:\/\/waitable.net\/index.php\/wp-json\/wp\/v2\/pages\/8661\/revisions"}],"predecessor-version":[{"id":8751,"href":"https:\/\/waitable.net\/index.php\/wp-json\/wp\/v2\/pages\/8661\/revisions\/8751"}],"wp:attachment":[{"href":"https:\/\/waitable.net\/index.php\/wp-json\/wp\/v2\/media?parent=8661"}],"curies":[{"name":"wp","href":"https:\/\/api.w.org\/{rel}","templated":true}]}}